{"id":14,"date":"2021-11-15T14:08:49","date_gmt":"2021-11-15T14:08:49","guid":{"rendered":"http:\/\/turkiyenotlari.com\/?page_id=14"},"modified":"2023-09-03T02:32:20","modified_gmt":"2023-09-03T02:32:20","slug":"bize-ulasin","status":"publish","type":"page","link":"http:\/\/turkiyenotlari.com\/index.php\/bize-ulasin\/","title":{"rendered":"Anasayfa"},"content":{"rendered":"\n<p><\/p>\n\n\n\n<div class=\"wp-block-columns are-vertically-aligned-top is-layout-flex wp-container-core-columns-is-layout-9d6595d7 wp-block-columns-is-layout-flex\">\n<div class=\"wp-block-column is-vertically-aligned-top is-layout-flow wp-block-column-is-layout-flow\">\n<figure class=\"wp-block-image size-large\"><a class=\"\" href=\"http:\/\/turkiyenotlari.com\" target=\"_blank\" rel=\"noopener\"><img loading=\"lazy\" decoding=\"async\" width=\"1024\" height=\"1024\" src=\"http:\/\/turkiyenotlari.com\/wp-content\/uploads\/2022\/06\/Modern-Simple-Quote-1024x1024.png\" alt=\"\" class=\"wp-image-235\" srcset=\"http:\/\/turkiyenotlari.com\/wp-content\/uploads\/2022\/06\/Modern-Simple-Quote-1024x1024.png 1024w, http:\/\/turkiyenotlari.com\/wp-content\/uploads\/2022\/06\/Modern-Simple-Quote-300x300.png 300w, http:\/\/turkiyenotlari.com\/wp-content\/uploads\/2022\/06\/Modern-Simple-Quote-150x150.png 150w, http:\/\/turkiyenotlari.com\/wp-content\/uploads\/2022\/06\/Modern-Simple-Quote-768x768.png 768w, http:\/\/turkiyenotlari.com\/wp-content\/uploads\/2022\/06\/Modern-Simple-Quote-800x800.png 800w, http:\/\/turkiyenotlari.com\/wp-content\/uploads\/2022\/06\/Modern-Simple-Quote.png 1080w\" sizes=\"auto, (max-width: 1024px) 100vw, 1024px\" \/><\/a><\/figure>\n\n\n\n<p class=\"has-text-align-center has-small-font-size\">Siyaset, k\u00fclt\u00fcr, tarih ve d\u00fc\u015f\u00fcnce \u00fczerine g\u00fcncel makaleler&#8230;<\/p>\n<\/div>\n\n\n\n<div class=\"wp-block-column is-vertically-aligned-top is-layout-flow wp-block-column-is-layout-flow\">\n<figure class=\"wp-block-image size-large\"><a class=\"http:\/\/turkiyenotlari.com\/index.php\/category\/tn-dergisi\/\" href=\"http:\/\/turkiyenotlari.com\/index.php\/category\/tn-dergisi\/?customize_changeset_uuid=e7a7075d-da95-40ff-9255-ada92512c1ce&amp;customize_autosaved=on\" target=\"_blank\" rel=\"http:\/\/turkiyenotlari.com\/index.php\/category\/tn-dergisi\/ noreferrer noopener\"><img loading=\"lazy\" decoding=\"async\" width=\"1024\" height=\"1024\" src=\"http:\/\/turkiyenotlari.com\/wp-content\/uploads\/2022\/06\/Modern-Simple-Quote-1-1024x1024.png\" alt=\"\" class=\"wp-image-237\" srcset=\"http:\/\/turkiyenotlari.com\/wp-content\/uploads\/2022\/06\/Modern-Simple-Quote-1-1024x1024.png 1024w, http:\/\/turkiyenotlari.com\/wp-content\/uploads\/2022\/06\/Modern-Simple-Quote-1-300x300.png 300w, http:\/\/turkiyenotlari.com\/wp-content\/uploads\/2022\/06\/Modern-Simple-Quote-1-150x150.png 150w, http:\/\/turkiyenotlari.com\/wp-content\/uploads\/2022\/06\/Modern-Simple-Quote-1-768x768.png 768w, http:\/\/turkiyenotlari.com\/wp-content\/uploads\/2022\/06\/Modern-Simple-Quote-1-800x800.png 800w, http:\/\/turkiyenotlari.com\/wp-content\/uploads\/2022\/06\/Modern-Simple-Quote-1.png 1080w\" sizes=\"auto, (max-width: 1024px) 100vw, 1024px\" \/><\/a><\/figure>\n\n\n\n<p class=\"has-text-align-center has-small-font-size\">2017 Y\u0131l\u0131ndan beri yay\u0131nlanan T\u00fcrkiye Notlar\u0131 dergisi&#8230;<\/p>\n<\/div>\n\n\n\n<div class=\"wp-block-column is-vertically-aligned-top is-layout-flow wp-block-column-is-layout-flow\">\n<figure class=\"wp-block-image size-large\"><a class=\"http:\/\/turkiyenotlari.com\/index.php\/category\/tn-yayinlari\/\" href=\"http:\/\/turkiyenotlari.com\/index.php\/category\/tn-yayinlari\/?customize_changeset_uuid=e7a7075d-da95-40ff-9255-ada92512c1ce&amp;customize_autosaved=on\" target=\"_blank\" rel=\"http:\/\/turkiyenotlari.com\/index.php\/category\/tn-yayinlari\/ noreferrer noopener\"><img loading=\"lazy\" decoding=\"async\" width=\"1024\" height=\"1024\" src=\"http:\/\/turkiyenotlari.com\/wp-content\/uploads\/2022\/06\/Modern-Simple-Quote-2-1024x1024.png\" alt=\"\" class=\"wp-image-238\" srcset=\"http:\/\/turkiyenotlari.com\/wp-content\/uploads\/2022\/06\/Modern-Simple-Quote-2-1024x1024.png 1024w, http:\/\/turkiyenotlari.com\/wp-content\/uploads\/2022\/06\/Modern-Simple-Quote-2-300x300.png 300w, http:\/\/turkiyenotlari.com\/wp-content\/uploads\/2022\/06\/Modern-Simple-Quote-2-150x150.png 150w, http:\/\/turkiyenotlari.com\/wp-content\/uploads\/2022\/06\/Modern-Simple-Quote-2-768x768.png 768w, http:\/\/turkiyenotlari.com\/wp-content\/uploads\/2022\/06\/Modern-Simple-Quote-2-800x800.png 800w, http:\/\/turkiyenotlari.com\/wp-content\/uploads\/2022\/06\/Modern-Simple-Quote-2.png 1080w\" sizes=\"auto, (max-width: 1024px) 100vw, 1024px\" \/><\/a><\/figure>\n\n\n\n<p class=\"has-text-align-center has-small-font-size\">T\u00fcrkiye Notlar\u0131 Yay\u0131nevi taraf\u0131ndan ne\u015fredilen kitaplar&#8230;<\/p>\n<\/div>\n<\/div>\n\n\n\n<div class=\"wp-block-columns is-layout-flex wp-container-core-columns-is-layout-9d6595d7 wp-block-columns-is-layout-flex\">\n<div class=\"wp-block-column is-layout-flow wp-block-column-is-layout-flow\">\n<figure class=\"wp-block-image size-large\"><img loading=\"lazy\" decoding=\"async\" width=\"726\" height=\"1024\" src=\"http:\/\/turkiyenotlari.com\/wp-content\/uploads\/2022\/06\/Makale-Yazim-Kosullari-726x1024.png\" alt=\"\" class=\"wp-image-279\" srcset=\"http:\/\/turkiyenotlari.com\/wp-content\/uploads\/2022\/06\/Makale-Yazim-Kosullari-726x1024.png 726w, http:\/\/turkiyenotlari.com\/wp-content\/uploads\/2022\/06\/Makale-Yazim-Kosullari-213x300.png 213w, http:\/\/turkiyenotlari.com\/wp-content\/uploads\/2022\/06\/Makale-Yazim-Kosullari-768x1083.png 768w, http:\/\/turkiyenotlari.com\/wp-content\/uploads\/2022\/06\/Makale-Yazim-Kosullari-1090x1536.png 1090w, http:\/\/turkiyenotlari.com\/wp-content\/uploads\/2022\/06\/Makale-Yazim-Kosullari.png 1240w\" sizes=\"auto, (max-width: 726px) 100vw, 726px\" \/><\/figure>\n<\/div>\n\n\n\n<div class=\"wp-block-column is-layout-flow wp-block-column-is-layout-flow\">\n<figure class=\"wp-block-image size-large\"><a href=\"http:\/\/turkiyenotlari.com\/index.php\/category\/tn-gorus\/\"><img loading=\"lazy\" decoding=\"async\" width=\"726\" height=\"1024\" src=\"http:\/\/turkiyenotlari.com\/wp-content\/uploads\/2022\/06\/Makale-Yazim-Kosullari-1-726x1024.png\" alt=\"\" class=\"wp-image-281\" srcset=\"http:\/\/turkiyenotlari.com\/wp-content\/uploads\/2022\/06\/Makale-Yazim-Kosullari-1-726x1024.png 726w, http:\/\/turkiyenotlari.com\/wp-content\/uploads\/2022\/06\/Makale-Yazim-Kosullari-1-213x300.png 213w, http:\/\/turkiyenotlari.com\/wp-content\/uploads\/2022\/06\/Makale-Yazim-Kosullari-1-768x1083.png 768w, http:\/\/turkiyenotlari.com\/wp-content\/uploads\/2022\/06\/Makale-Yazim-Kosullari-1-1090x1536.png 1090w, http:\/\/turkiyenotlari.com\/wp-content\/uploads\/2022\/06\/Makale-Yazim-Kosullari-1.png 1240w\" sizes=\"auto, (max-width: 726px) 100vw, 726px\" \/><\/a><\/figure>\n<\/div>\n<\/div>\n\n\n\n<div id=\"gmcdc1b40\" class=\"wp-block-gutentor-m8 section-gmcdc1b40 gutentor-module gutentor-module-icon-group text-align-center-mobile\"><div class=\"grid-container\">\n<div id=\"section-g8b0270\" class=\"wp-block-gutentor-e5 section-g8b0270 gutentor-element gutentor-element-icon gutentor-icon-circle-bg gutentor-enabled-width\"><a class=\"gutentor-element-icon-link\" href=\"\/\/www.facebook.com\/turkiyenotlaridergi\" target=\"_blank\" rel=\"noopener noreferrer\"><div class=\"gutentor-element-icon-box\"><i class=\"fab fa-facebook-f\"><\/i><\/div><\/a><\/div>\n\n\n\n<div id=\"section-g4d9e4a\" class=\"wp-block-gutentor-e5 section-g4d9e4a gutentor-element gutentor-element-icon gutentor-icon-circle-bg gutentor-enabled-width\"><a class=\"gutentor-element-icon-link\" href=\"\/\/twitter.com\/turkiyenotlari?s=20&amp;t=69SJMRJ66Nxa9YWToq35Mw\" target=\"_blank\" rel=\"noopener noreferrer\"><div class=\"gutentor-element-icon-box\"><i class=\"fab fa-twitter\"><\/i><\/div><\/a><\/div>\n\n\n\n<div id=\"section-gbd6c1b\" class=\"wp-block-gutentor-e5 section-gbd6c1b gutentor-element gutentor-element-icon gutentor-icon-circle-bg gutentor-enabled-width\"><a class=\"gutentor-element-icon-link\" href=\"\/\/instagram.com\/turkiyenotlaridergisi?igshid=YmMyMTA2M2Y=\" target=\"_blank\" rel=\"noopener noreferrer\"><div class=\"gutentor-element-icon-box\"><i class=\"fab fa-instagram\"><\/i><\/div><\/a><\/div>\n\n\n\n<div id=\"section-g4a2efe\" class=\"wp-block-gutentor-e5 section-g4a2efe gutentor-element gutentor-element-icon gutentor-icon-circle-bg gutentor-enabled-width\"><a class=\"gutentor-element-icon-link\" href=\"#\" target=\"_blank\" rel=\"noopener noreferrer\"><div class=\"gutentor-element-icon-box\"><i class=\"fab fa-youtube\"><\/i><\/div><\/a><\/div>\n\n\n\n<div id=\"section-g733f30\" class=\"wp-block-gutentor-e5 section-g733f30 gutentor-element gutentor-element-icon gutentor-icon-circle-bg gutentor-enabled-width\"><a class=\"gutentor-element-icon-link\" href=\"#\" target=\"_blank\" rel=\"noopener noreferrer\"><div class=\"gutentor-element-icon-box\"><i class=\"fab fa-dribbble\"><\/i><\/div><\/a><\/div>\n<\/div><\/div>\n\n\n\n<p><\/p>\n\n\n\n<p class=\"has-small-font-size\"><\/p>\n","protected":false},"excerpt":{"rendered":"<p>Siyaset, k\u00fclt\u00fcr, tarih ve d\u00fc\u015f\u00fcnce \u00fczerine g\u00fcncel makaleler&#8230; 2017 Y\u0131l\u0131ndan beri yay\u0131nlanan T\u00fcrkiye Notlar\u0131 dergisi&#8230; T\u00fcrkiye Notlar\u0131 Yay\u0131nevi taraf\u0131ndan ne\u015fredilen kitaplar&#8230;<\/p>\n","protected":false},"author":1,"featured_media":0,"parent":0,"menu_order":0,"comment_status":"closed","ping_status":"closed","template":"","meta":{"footnotes":""},"class_list":["post-14","page","type-page","status-publish","hentry"],"_links":{"self":[{"href":"http:\/\/turkiyenotlari.com\/index.php\/wp-json\/wp\/v2\/pages\/14","targetHints":{"allow":["GET"]}}],"collection":[{"href":"http:\/\/turkiyenotlari.com\/index.php\/wp-json\/wp\/v2\/pages"}],"about":[{"href":"http:\/\/turkiyenotlari.com\/index.php\/wp-json\/wp\/v2\/types\/page"}],"author":[{"embeddable":true,"href":"http:\/\/turkiyenotlari.com\/index.php\/wp-json\/wp\/v2\/users\/1"}],"replies":[{"embeddable":true,"href":"http:\/\/turkiyenotlari.com\/index.php\/wp-json\/wp\/v2\/comments?post=14"}],"version-history":[{"count":23,"href":"http:\/\/turkiyenotlari.com\/index.php\/wp-json\/wp\/v2\/pages\/14\/revisions"}],"predecessor-version":[{"id":559,"href":"http:\/\/turkiyenotlari.com\/index.php\/wp-json\/wp\/v2\/pages\/14\/revisions\/559"}],"wp:attachment":[{"href":"http:\/\/turkiyenotlari.com\/index.php\/wp-json\/wp\/v2\/media?parent=14"}],"curies":[{"name":"wp","href":"https:\/\/api.w.org\/{rel}","templated":true}]}}